{"id":15442,"date":"2015-02-27T15:05:05","date_gmt":"2015-02-27T20:05:05","guid":{"rendered":"https:\/\/dev.stephenlow.com\/educateurs\/"},"modified":"2023-11-18T22:52:31","modified_gmt":"2023-11-19T03:52:31","slug":"educateurs","status":"publish","type":"page","link":"https:\/\/www.stephenlow.com\/fr\/educateurs\/","title":{"rendered":"\u00c9ducateurs"},"content":{"rendered":"<p>[et_pb_section fb_built=&#8221;1&#8243; admin_label=&#8221;Space section, custom&#8221; module_id=&#8221;equipe&#8221; _builder_version=&#8221;4.4.2&#8243; background_color=&#8221;#383c49&#8243; background_color_gradient_direction=&#8221;108deg&#8221; background_enable_image=&#8221;off&#8221; background_blend=&#8221;soft-light&#8221; background_enable_video_mp4=&#8221;off&#8221; background_video_width=&#8221;1920&#8243; module_alignment=&#8221;center&#8221; custom_margin=&#8221;0px|0px|0px|0px|false|false&#8221; custom_padding=&#8221;0px|0px|0px|0px|false|false&#8221; top_divider_color=&#8221;rgba(0,0,0,0.29)&#8221; top_divider_height=&#8221;99px&#8221; top_divider_flip=&#8221;vertical|horizontal&#8221; bottom_divider_color=&#8221;rgba(0,0,0,0.32)&#8221; bottom_divider_height=&#8221;482px&#8221; border_color_all=&#8221;#a30701&#8243; border_width_top=&#8221;4px&#8221; border_color_top=&#8221;#605b5c&#8221; border_color_bottom=&#8221;#000000&#8243; box_shadow_style=&#8221;preset3&#8243; box_shadow_vertical=&#8221;15px&#8221; box_shadow_blur=&#8221;15px&#8221; box_shadow_position=&#8221;inner&#8221; saved_tabs=&#8221;all&#8221;][et_pb_row _builder_version=&#8221;4.0.11&#8243; custom_padding=&#8221;1px||1px||false|false&#8221;][et_pb_column type=&#8221;4_4&#8243; _builder_version=&#8221;4.0.11&#8243;][et_pb_divider show_divider=&#8221;off&#8221; _builder_version=&#8221;4.4.2&#8243;][\/et_pb_divider][\/et_pb_column][\/et_pb_row][\/et_pb_section][et_pb_section fb_built=&#8221;1&#8243; admin_label=&#8221;TEAM&#8221; module_id=&#8221;educateurs&#8221; _builder_version=&#8221;4.4.2&#8243; background_color=&#8221;#383c49&#8243; background_color_gradient_direction=&#8221;108deg&#8221; background_enable_image=&#8221;off&#8221; background_blend=&#8221;soft-light&#8221; background_enable_video_mp4=&#8221;off&#8221; background_video_width=&#8221;1920&#8243; module_alignment=&#8221;center&#8221; custom_margin=&#8221;0px|0px|0px|0px|false|false&#8221; custom_padding=&#8221;0px|0px|0px|0px|false|false&#8221; top_divider_color=&#8221;rgba(0,0,0,0.29)&#8221; top_divider_height=&#8221;99px&#8221; top_divider_flip=&#8221;vertical|horizontal&#8221; bottom_divider_color=&#8221;rgba(0,0,0,0.32)&#8221; bottom_divider_height=&#8221;482px&#8221; border_color_all=&#8221;#a30701&#8243; border_width_top=&#8221;4px&#8221; border_color_top=&#8221;#5f5599&#8243; border_color_bottom=&#8221;#000000&#8243; box_shadow_style=&#8221;preset3&#8243; box_shadow_vertical=&#8221;15px&#8221; box_shadow_blur=&#8221;15px&#8221; box_shadow_position=&#8221;inner&#8221; saved_tabs=&#8221;all&#8221;][et_pb_row _builder_version=&#8221;4.4.2&#8243; custom_margin=&#8221;0px||0px||false|false&#8221; custom_padding=&#8221;0px|30%|10px||false|false&#8221; hover_enabled=&#8221;0&#8243;][et_pb_column type=&#8221;4_4&#8243; _builder_version=&#8221;4.2.2&#8243;][et_pb_text _builder_version=&#8221;4.4.2&#8243; background_color=&#8221;#5f5599&#8243; min_height=&#8221;15px&#8221; height=&#8221;15px&#8221; max_height=&#8221;15px&#8221; custom_margin=&#8221;0px||0px||false|false&#8221; custom_padding=&#8221;0px||0px||false|false&#8221; animation_direction=&#8221;right&#8221; scroll_horizontal_motion=&#8221;0|75|75|100|-4|-1|0&#8243; border_color_all=&#8221;rgba(153,153,153,0.5)&#8221; border_color_top=&#8221;#a50000&#8243; box_shadow_style=&#8221;preset2&#8243; box_shadow_horizontal=&#8221;10px&#8221; box_shadow_vertical=&#8221;10px&#8221; box_shadow_blur=&#8221;15px&#8221; box_shadow_spread=&#8221;-2px&#8221;][\/et_pb_text][\/et_pb_column][\/et_pb_row][et_pb_row _builder_version=&#8221;4.0.11&#8243; custom_padding=&#8221;1px||1px||false|false&#8221;][et_pb_column type=&#8221;4_4&#8243; _builder_version=&#8221;4.0.11&#8243;][et_pb_text _builder_version=&#8221;4.4.2&#8243; text_font=&#8221;Barlow Semi Condensed|||on|||||&#8221; text_text_color=&#8221;#555555&#8243; text_letter_spacing=&#8221;3px&#8221; header_font=&#8221;Barlow Semi Condensed|||on|||||&#8221; header_text_color=&#8221;#ffffff&#8221; header_font_size=&#8221;20px&#8221; header_letter_spacing=&#8221;3px&#8221; header_2_font=&#8221;Barlow Semi Condensed|||on|||||&#8221; header_2_text_color=&#8221;#ffffff&#8221; header_2_font_size=&#8221;20px&#8221; header_2_letter_spacing=&#8221;3px&#8221;]<\/p>\n<h1>\u00c9ducateurs<\/h1>\n<p>[\/et_pb_text][\/et_pb_column][\/et_pb_row][et_pb_row column_structure=&#8221;3_5,2_5&#8243; _builder_version=&#8221;4.2.1&#8243; custom_padding=&#8221;||||false|false&#8221;][et_pb_column type=&#8221;3_5&#8243; _builder_version=&#8221;4.0.11&#8243;][et_pb_text _builder_version=&#8221;4.4.2&#8243; text_text_color=&#8221;#ffffff&#8221; text_font_size=&#8221;24px&#8221; header_2_font=&#8221;Zilla Slab|300|||||||&#8221; header_2_text_color=&#8221;#aaaaaa&#8221; header_2_font_size=&#8221;44px&#8221; header_3_font=&#8221;Zilla Slab|300|||||||&#8221; header_3_text_color=&#8221;#aaaaaa&#8221; header_3_font_size=&#8221;44px&#8221; background_layout=&#8221;dark&#8221;]<\/p>\n<h2>L&#8217;utilisation de nos films dans l&#8217;\u00e9ducation<\/h2>\n<p>[\/et_pb_text][\/et_pb_column][et_pb_column type=&#8221;2_5&#8243; _builder_version=&#8221;4.0.11&#8243;][\/et_pb_column][\/et_pb_row][et_pb_row column_structure=&#8221;1_3,1_3,1_3&#8243; admin_label=&#8221;row&#8221; _builder_version=&#8221;4.4.2&#8243; background_size=&#8221;initial&#8221; background_position=&#8221;top_left&#8221; background_repeat=&#8221;repeat&#8221;][et_pb_column type=&#8221;1_3&#8243; _builder_version=&#8221;3.25&#8243; custom_padding=&#8221;|||&#8221; custom_padding__hover=&#8221;|||&#8221;][et_pb_text admin_label=&#8221;Text&#8221; _builder_version=&#8221;4.4.2&#8243; text_line_height=&#8221;2em&#8221; background_size=&#8221;initial&#8221; background_position=&#8221;top_left&#8221; background_repeat=&#8221;repeat&#8221; background_layout=&#8221;dark&#8221; use_border_color=&#8221;off&#8221; border_color=&#8221;#ffffff&#8221; border_style=&#8221;solid&#8221;]Expos\u00e9s dans les principaux mus\u00e9es et centres scientifiques, nos films offrent un moyen m\u00e9morable de vivre une exp\u00e9rience et de la d\u00e9couvrir.<br \/>\n[\/et_pb_text][\/et_pb_column][et_pb_column type=&#8221;1_3&#8243; _builder_version=&#8221;3.25&#8243; custom_padding=&#8221;|||&#8221; custom_padding__hover=&#8221;|||&#8221;][et_pb_text admin_label=&#8221;Text&#8221; _builder_version=&#8221;4.4.2&#8243; text_line_height=&#8221;2em&#8221; background_size=&#8221;initial&#8221; background_position=&#8221;top_left&#8221; background_repeat=&#8221;repeat&#8221; background_layout=&#8221;dark&#8221; use_border_color=&#8221;off&#8221; border_color=&#8221;#ffffff&#8221; border_style=&#8221;solid&#8221;]<\/p>\n<p>Vous trouverez ci-dessous une s\u00e9lection de <a href=\"#education-resources\"><strong>ressources \u00e9ducatives<\/strong> compl\u00e9mentaires \u00e0 utiliser avec certains de nos titres phares. \u25bc<\/a><\/p>\n<p>[\/et_pb_text][\/et_pb_column][et_pb_column type=&#8221;1_3&#8243; _builder_version=&#8221;3.25&#8243; custom_padding=&#8221;|||&#8221; custom_padding__hover=&#8221;|||&#8221;][\/et_pb_column][\/et_pb_row][\/et_pb_section][et_pb_section fb_built=&#8221;1&#8243; fullwidth=&#8221;on&#8221; custom_padding_last_edited=&#8221;on|desktop&#8221; admin_label=&#8221;section&#8221; _builder_version=&#8221;3.22&#8243; parallax=&#8221;on&#8221; parallax_method=&#8221;off&#8221; custom_padding_tablet=&#8221;50px|0|50px|0&#8243; custom_padding_phone=&#8221;&#8221; transparent_background=&#8221;off&#8221; padding_mobile=&#8221;off&#8221; make_fullwidth=&#8221;off&#8221; use_custom_width=&#8221;off&#8221; width_unit=&#8221;on&#8221;][et_pb_fullwidth_slider admin_label=&#8221;Educational Materials Composite&#8221; _builder_version=&#8221;3.16&#8243; parallax=&#8221;on&#8221; custom_padding=&#8221;|||&#8221; custom_padding_tablet=&#8221;|||&#8221; custom_padding_phone=&#8221;|||&#8221; box_shadow_style=&#8221;preset6&#8243; box_shadow_blur=&#8221;10px&#8221; box_shadow_color=&#8221;rgba(0,0,0,0.1)&#8221; show_inner_shadow=&#8221;on&#8221; button_text_size__hover_enabled=&#8221;off&#8221; button_one_text_size__hover_enabled=&#8221;off&#8221; button_two_text_size__hover_enabled=&#8221;off&#8221; button_text_color__hover_enabled=&#8221;off&#8221; button_one_text_color__hover_enabled=&#8221;off&#8221; button_two_text_color__hover_enabled=&#8221;off&#8221; button_border_width__hover_enabled=&#8221;off&#8221; button_one_border_width__hover_enabled=&#8221;off&#8221; button_two_border_width__hover_enabled=&#8221;off&#8221; button_border_color__hover_enabled=&#8221;off&#8221; button_one_border_color__hover_enabled=&#8221;off&#8221; button_two_border_color__hover_enabled=&#8221;off&#8221; button_border_radius__hover_enabled=&#8221;off&#8221; button_one_border_radius__hover_enabled=&#8221;off&#8221; button_two_border_radius__hover_enabled=&#8221;off&#8221; button_letter_spacing__hover_enabled=&#8221;off&#8221; button_one_letter_spacing__hover_enabled=&#8221;off&#8221; button_two_letter_spacing__hover_enabled=&#8221;off&#8221; button_bg_color__hover_enabled=&#8221;off&#8221; button_one_bg_color__hover_enabled=&#8221;off&#8221; button_two_bg_color__hover_enabled=&#8221;off&#8221;][et_pb_slide _builder_version=&#8221;3.16&#8243; background_color=&#8221;#ffffff&#8221; background_image=&#8221;http:\/\/stephenlow.com\/wp-content\/uploads\/abstract-ed-comp.jpg&#8221; button_text_size__hover_enabled=&#8221;off&#8221; button_one_text_size__hover_enabled=&#8221;off&#8221; button_two_text_size__hover_enabled=&#8221;off&#8221; button_text_color__hover_enabled=&#8221;off&#8221; button_one_text_color__hover_enabled=&#8221;off&#8221; button_two_text_color__hover_enabled=&#8221;off&#8221; button_border_width__hover_enabled=&#8221;off&#8221; button_one_border_width__hover_enabled=&#8221;off&#8221; button_two_border_width__hover_enabled=&#8221;off&#8221; button_border_color__hover_enabled=&#8221;off&#8221; button_one_border_color__hover_enabled=&#8221;off&#8221; button_two_border_color__hover_enabled=&#8221;off&#8221; button_border_radius__hover_enabled=&#8221;off&#8221; button_one_border_radius__hover_enabled=&#8221;off&#8221; button_two_border_radius__hover_enabled=&#8221;off&#8221; button_letter_spacing__hover_enabled=&#8221;off&#8221; button_one_letter_spacing__hover_enabled=&#8221;off&#8221; button_two_letter_spacing__hover_enabled=&#8221;off&#8221; button_bg_color__hover_enabled=&#8221;off&#8221; button_one_bg_color__hover_enabled=&#8221;off&#8221; button_two_bg_color__hover_enabled=&#8221;off&#8221;][\/et_pb_slide][\/et_pb_fullwidth_slider][\/et_pb_section][et_pb_section fb_built=&#8221;1&#8243; admin_label=&#8221;TEAM&#8221; module_id=&#8221;education-resources&#8221; _builder_version=&#8221;4.4.2&#8243; background_color=&#8221;#383c49&#8243; background_color_gradient_direction=&#8221;108deg&#8221; background_enable_image=&#8221;off&#8221; background_blend=&#8221;soft-light&#8221; background_enable_video_mp4=&#8221;off&#8221; background_video_width=&#8221;1920&#8243; module_alignment=&#8221;center&#8221; custom_margin=&#8221;0px|0px|0px|0px|false|false&#8221; custom_padding=&#8221;0px|0px|0px|0px|false|false&#8221; top_divider_color=&#8221;rgba(0,0,0,0.29)&#8221; top_divider_height=&#8221;99px&#8221; top_divider_flip=&#8221;vertical|horizontal&#8221; bottom_divider_color=&#8221;rgba(0,0,0,0.32)&#8221; bottom_divider_height=&#8221;482px&#8221; border_color_all=&#8221;#a30701&#8243; border_width_top=&#8221;4px&#8221; border_color_top=&#8221;#605b5c&#8221; border_color_bottom=&#8221;#000000&#8243; box_shadow_style=&#8221;preset3&#8243; box_shadow_vertical=&#8221;15px&#8221; box_shadow_blur=&#8221;15px&#8221; box_shadow_position=&#8221;inner&#8221; saved_tabs=&#8221;all&#8221;][et_pb_row column_structure=&#8221;3_5,2_5&#8243; _builder_version=&#8221;4.2.1&#8243; custom_padding=&#8221;||||false|false&#8221;][et_pb_column type=&#8221;3_5&#8243; _builder_version=&#8221;4.0.11&#8243;][et_pb_text _builder_version=&#8221;4.4.2&#8243; text_text_color=&#8221;#ffffff&#8221; text_font_size=&#8221;24px&#8221; header_2_font=&#8221;Zilla Slab|300|||||||&#8221; header_2_text_color=&#8221;#aaaaaa&#8221; header_2_font_size=&#8221;44px&#8221; header_3_font=&#8221;Zilla Slab|300|||||||&#8221; header_3_text_color=&#8221;#aaaaaa&#8221; header_3_font_size=&#8221;44px&#8221; background_layout=&#8221;dark&#8221;]<\/p>\n<h2>Ressources \u00e9ducatives<\/h2>\n<p>[\/et_pb_text][\/et_pb_column][et_pb_column type=&#8221;2_5&#8243; _builder_version=&#8221;4.0.11&#8243;][\/et_pb_column][\/et_pb_row][\/et_pb_section][et_pb_section fb_built=&#8221;1&#8243; admin_label=&#8221;section&#8221; _builder_version=&#8221;4.4.2&#8243; background_color=&#8221;rgba(56,60,73,0.96)&#8221; box_shadow_style=&#8221;preset3&#8243; box_shadow_vertical=&#8221;14px&#8221; box_shadow_blur=&#8221;15px&#8221; box_shadow_color=&#8221;rgba(0,0,0,0.75)&#8221; box_shadow_position=&#8221;inner&#8221;][et_pb_row column_structure=&#8221;3_5,2_5&#8243; admin_label=&#8221;row&#8221; _builder_version=&#8221;4.4.2&#8243; background_size=&#8221;initial&#8221; background_position=&#8221;top_left&#8221; background_repeat=&#8221;repeat&#8221;][et_pb_column type=&#8221;3_5&#8243; _builder_version=&#8221;3.25&#8243; custom_padding=&#8221;|||&#8221; custom_padding__hover=&#8221;|||&#8221;][et_pb_text admin_label=&#8221;Text&#8221; _builder_version=&#8221;3.27.4&#8243; background_size=&#8221;initial&#8221; background_position=&#8221;top_left&#8221; background_repeat=&#8221;repeat&#8221;][\/et_pb_text][et_pb_text admin_label=&#8221;Resources&#8221; _builder_version=&#8221;4.4.2&#8243; text_line_height=&#8221;2em&#8221; background_size=&#8221;initial&#8221; background_position=&#8221;top_left&#8221; background_repeat=&#8221;repeat&#8221; background_layout=&#8221;dark&#8221; use_border_color=&#8221;off&#8221; border_color=&#8221;#ffffff&#8221; border_style=&#8221;solid&#8221;]<\/p>\n<hr>\n<p>&nbsp;<\/p>\n<h2><em>Volcanoes of the Deep Sea<\/em><\/h2>\n<ul>\n<li><a href=\"http:\/\/stephenlow.com\/wp-content\/uploads\/tguide.pdf\"><em>Volcanoes of the Deep Sea<\/em> Guide de l&#8217;enseignant<\/a> [ pdf | 8.5&#8243;x 11&#8243; | 2.2Mb ]<\/li>\n<li>Visiter: <a title=\"Volcanoes of the Deep Sea 3D\" href=\"http:\/\/stephenlow.com\/project\/volcanoes-of-the-deep-sea\/\">www.stephenlow.com\/fr\/films\/volcanoes-of-the-deep-sea<\/a><\/li>\n<\/ul>\n<hr>\n<p>&nbsp;<\/p>\n<h2><em>Aircraft Carrier 3D<\/em><\/h2>\n<ul>\n<li><a href=\"http:\/\/www.aircraftcarrierfilm.com\/education-program.html\" target=\"_blank\" rel=\"noopener noreferrer\"><em>Aircraft Carrier<\/em> Guide de l&#8217;enseignant<\/a> [ affiliate link ]<\/li>\n<li>Visit: <a href=\"http:\/\/www.aircraftcarrierfilm.com\" target=\"_blank\" rel=\"noopener noreferrer\">le site officiel<\/a> du film <em>Aircraft Carrier<\/em><\/li>\n<\/ul>\n<hr>\n<p>&nbsp;<\/p>\n<h2><em>Beavers<\/em><\/h2>\n<ul>\n<li><a href=\"http:\/\/stephenlow.com\/wp-content\/uploads\/Beavers-Teachers-Guide-web-150303.pdf\"><em>Beavers<\/em> Guide de l&#8217;enseignant<\/a> [ pdf | 11&#8243;x 8.5&#8243; | 1.6Mb ]<\/li>\n<li>Visiter <a href=\"https:\/\/www.stephenlow.com\/project\/beavers\/\"><em>Beavers<\/em> film page<\/a><\/li>\n<\/ul>\n<hr>\n<p>&nbsp;<\/p>\n<h2><em>Fighter Pilot: Operation Red Flag<\/em><\/h2>\n<ul>\n<li><a href=\"http:\/\/stephenlow.com\/wp-content\/uploads\/Fighter-Pilot-FP_INT_TG1.51.pdf\">Fighter Pilot Guide-International<\/a> [ pdf | 8.5&#8243;x 11&#8243; | 2.9Mb ]<\/li>\n<li><a href=\"http:\/\/stephenlow.com\/wp-content\/uploads\/Fighter-Pilot-FP_TG.pdf\">Fighter Pilot Guide<\/a> [ pdf | 8.5&#8243;x 11&#8243; | 11.9Mb ]<\/li>\n<li>Visiter le site officiel du film : <a title=\"fighterpilotfilm.com\" href=\"http:\/\/fighterpilotfilm.com\" target=\"_blank\" rel=\"noopener noreferrer\">http:\/\/fighterpilotfilm.com<\/a><\/li>\n<li>Visiter <a href=\"https:\/\/www.stephenlow.com\/project\/fighter-pilot-operation-red-flag\/\"><em>Fighter Pilot<\/em> film page<\/a><\/li>\n<\/ul>\n<hr>\n<p>&nbsp;<\/p>\n<h2><em>Legends of Flight<\/em><\/h2>\n<ul>\n<li><a href=\"http:\/\/stephenlow.com\/wp-content\/uploads\/lof-Teacher_Guide_4-8_Web.pdf\"><em>Legends of Flight<\/em> Teacher&#8217;s Guide-4-8<\/a> [ pdf | 8.5&#8243;x 11&#8243; | 1.4Mb ]<\/li>\n<li><a href=\"http:\/\/stephenlow.com\/wp-content\/uploads\/lof-Teacher_Guide_K-3_Web.pdf\"><em>Legends of Flight<\/em> Teacher&#8217;s Guide K-3<\/a> [ pdf | 8.5&#8243;x 11&#8243; | 758Kb ]<\/li>\n<li><a href=\"http:\/\/stephenlow.com\/wp-content\/uploads\/lof-classroom-poster-v1_1_rgb-web.pdf\"><em>Legends of Flight<\/em> Classroom Poster<\/a> [ pdf | 26.74&#8243; x 19.63&#8243; | 4.5Mb ]<\/li>\n<li>Visiter le site officiel du film : <a title=\"www.legendsofflightfilm.com\" href=\"http:\/\/www.legendsofflightfilm.com\" target=\"_blank\" rel=\"noopener noreferrer\">http:\/\/legendsofflightfilm.com<\/a><\/li>\n<li>Visiter <a href=\"https:\/\/www.stephenlow.com\/project\/legends-of-flight\/\"><em>Legends of Flight<\/em> film page<\/a><\/li>\n<\/ul>\n<hr>\n<p>&nbsp;<\/p>\n<h2><em>Rescue 3D<\/em><\/h2>\n<ul>\n<li><a href=\"http:\/\/stephenlow.com\/wp-content\/uploads\/Rescue_EG_FINAL-cmpr.pdf\"><em>Rescue<\/em> Guide-US<\/a> [ pdf | 8.5&#8243;x 11&#8243; | 14Mb ]<\/li>\n<li><a href=\"http:\/\/stephenlow.com\/wp-content\/uploads\/Rescue_Guide_-Can-ENG.pdf\"><em>Rescue<\/em> Guide-Canada-English<\/a> [ pdf | 8.5&#8243;x 11&#8243; | 3.1Mb ]<\/li>\n<li><a href=\"http:\/\/stephenlow.com\/wp-content\/uploads\/Rescue_Guide_Can-FR.pdf\"><em>Rescue<\/em> Guide-Canada-Fran\u00e7ais<\/a> [ pdf | 8.5&#8243;x 11&#8243; | 3.0Mb ]<\/li>\n<li><a href=\"http:\/\/stephenlow.com\/wp-content\/uploads\/rescue-classroom-poster-sides-A-B-110418-rgb-crp.pdf\"><em>Rescue<\/em> Classroom Poster-Cdn Navy<\/a> (Canadian Navy Centenary Edition) [ pdf | 26.74&#8243; x 19.63&#8243; | 10.9Mb ]<\/li>\n<li>Visiter le site officiel du film : <a title=\"www.rescue-film.com\" href=\"http:\/\/www.rescue-film.com\" target=\"_blank\" rel=\"noopener noreferrer\">http:\/\/www.rescue-film.com<\/a><\/li>\n<li>Visiter <a href=\"https:\/\/www.stephenlow.com\/project\/rescue\/\"><em>Rescue 3D<\/em> film page<\/a><\/li>\n<\/ul>\n<hr>\n<p>&nbsp;<\/p>\n<h2><em>Rocky Mountain Express<\/em><\/h2>\n<ul>\n<li><a href=\"http:\/\/stephenlow.com\/wp-content\/uploads\/rme-ed-viewing-guide-v0_1_single.pdf\"><em>Rocky Mountain Express<\/em> Viewing Guide<\/a> [ pdf | 3.6&#8243;x 8.5&#8243; | 2.0Mb ]<\/li>\n<li>Visiter le site officiel du film : <a title=\"www.rockymountainexpressfilm.com\" href=\"http:\/\/www.rockymountainexpressfilm.com\" target=\"_blank\" rel=\"noopener noreferrer\">www.rockymountainexpressfilm.com<\/a><\/li>\n<li>Visiter <a href=\"https:\/\/www.stephenlow.com\/project\/rocky-mountain-express\/\"><em>Rocky Mountain Express<\/em> film page<\/a><\/li>\n<\/ul>\n<hr>\n<p>&nbsp;<\/p>\n<h2><em>Super Speedway<\/em><\/h2>\n<ul>\n<li><a href=\"http:\/\/stephenlow.com\/wp-content\/uploads\/Teachers-Guide-v.2.5.pdf\"><em>Super Speedway<\/em> Teachers Guide<\/a> [ pdf | 8.5&#8243;x 11&#8243; | 1.1Mb ]<\/li>\n<li>Visiter <a href=\"https:\/\/www.stephenlow.com\/project\/super-speedway\/\"><em>Super Speedway<\/em> film page<\/a><\/li>\n<\/ul>\n<hr>\n<p>&nbsp;<\/p>\n<h2><em>The Ultimate Wave Tahiti 3D<\/em><\/h2>\n<ul>\n<li><a href=\"http:\/\/stephenlow.com\/wp-content\/uploads\/uwt-edguide-v2_1_1-red.pdf\"><em>The Ultimate Wave Tahiti<\/em> Educator&#8217;s Guide<\/a> [ pdf | 8.5&#8243;x 11&#8243; | 8.8Mb ]<\/li>\n<li><a href=\"http:\/\/stephenlow.com\/wp-content\/uploads\/TUWT_FamilyActivity_Guide_v4-crp.pdf\"><em>The Ultimate Wave Tahiti<\/em> Family Activity Guide<\/a> [ pdf | 5.5&#8243;x 8.5&#8243; | 3.1Mb ]<\/li>\n<li><a href=\"http:\/\/stephenlow.com\/wp-content\/uploads\/Classroom-Poster-TUW-v4_100823-rgb-crp.pdf\"><em>The Ultimate Wave Tahiti<\/em> Classroom Poster<\/a> [ pdf | 26.74&#8243; x 19.63&#8243; | 7.4Mb ]<\/li>\n<li>Visiter le site officiel du film : <a title=\"www.ultimatewavetahiti.com\" href=\"http:\/\/www.ultimatewavetahiti.com\" target=\"_blank\" rel=\"noopener noreferrer\">www.ultimatewavetahiti.com<\/a><\/li>\n<li>Visiter <a href=\"https:\/\/www.stephenlow.com\/project\/the-ultimate-wave-tahiti\/\"><em>The Ultimate Wave Tahiti 3D<\/em> film page<\/a><\/li>\n<\/ul>\n<hr>\n<p>[\/et_pb_text][\/et_pb_column][et_pb_column type=&#8221;2_5&#8243; _builder_version=&#8221;3.25&#8243; custom_padding=&#8221;|||&#8221; custom_padding__hover=&#8221;|||&#8221;][\/et_pb_column][\/et_pb_row][\/et_pb_section]<\/p>\n","protected":false},"excerpt":{"rendered":"<p>\u00c9ducateursL&#8217;utilisation de nos films dans l&#8217;\u00e9ducationExpos\u00e9s dans les principaux mus\u00e9es et centres scientifiques, nos films offrent un moyen m\u00e9morable de vivre une exp\u00e9rience et de la d\u00e9couvrir. Vous trouverez ci-dessous une s\u00e9lection de ressources \u00e9ducatives compl\u00e9mentaires \u00e0 utiliser avec certains de nos titres phares. \u25bcRessources \u00e9ducatives &nbsp; Volcanoes of the Deep Sea Volcanoes of the [&hellip;]<\/p>\n","protected":false},"author":5,"featured_media":0,"parent":0,"menu_order":0,"comment_status":"open","ping_status":"open","template":"","meta":{"_et_pb_use_builder":"on","_et_pb_old_content":"","_et_gb_content_width":"","footnotes":""},"class_list":["post-15442","page","type-page","status-publish","hentry"],"_links":{"self":[{"href":"https:\/\/www.stephenlow.com\/fr\/wp-json\/wp\/v2\/pages\/15442","targetHints":{"allow":["GET"]}}],"collection":[{"href":"https:\/\/www.stephenlow.com\/fr\/wp-json\/wp\/v2\/pages"}],"about":[{"href":"https:\/\/www.stephenlow.com\/fr\/wp-json\/wp\/v2\/types\/page"}],"author":[{"embeddable":true,"href":"https:\/\/www.stephenlow.com\/fr\/wp-json\/wp\/v2\/users\/5"}],"replies":[{"embeddable":true,"href":"https:\/\/www.stephenlow.com\/fr\/wp-json\/wp\/v2\/comments?post=15442"}],"version-history":[{"count":0,"href":"https:\/\/www.stephenlow.com\/fr\/wp-json\/wp\/v2\/pages\/15442\/revisions"}],"wp:attachment":[{"href":"https:\/\/www.stephenlow.com\/fr\/wp-json\/wp\/v2\/media?parent=15442"}],"curies":[{"name":"wp","href":"https:\/\/api.w.org\/{rel}","templated":true}]}}