{"id":15437,"date":"2019-12-02T11:32:09","date_gmt":"2019-12-02T16:32:09","guid":{"rendered":"https:\/\/dev.stephenlow.com\/ou-voir-les-films\/"},"modified":"2023-10-04T00:35:42","modified_gmt":"2023-10-04T04:35:42","slug":"ou-voir-les-films","status":"publish","type":"page","link":"https:\/\/www.stephenlow.com\/fr\/ou-voir-les-films\/","title":{"rendered":"O\u00f9 voir les films"},"content":{"rendered":"<p>[et_pb_section fb_built=&#8221;1&#8243; admin_label=&#8221;Space section, custom&#8221; module_id=&#8221;equipe&#8221; _builder_version=&#8221;4.4.2&#8243; background_color=&#8221;#ffffff&#8221; use_background_color_gradient=&#8221;on&#8221; background_color_gradient_start=&#8221;rgba(132,132,132,0.86)&#8221; background_color_gradient_end=&#8221;#000d26&#8243; background_color_gradient_direction=&#8221;108deg&#8221; background_enable_image=&#8221;off&#8221; background_blend=&#8221;soft-light&#8221; background_enable_video_mp4=&#8221;off&#8221; background_video_width=&#8221;1920&#8243; module_alignment=&#8221;center&#8221; custom_margin=&#8221;0px|0px|0px|0px|false|false&#8221; custom_padding=&#8221;0px|0px|0px|0px|false|false&#8221; top_divider_color=&#8221;rgba(0,0,0,0.29)&#8221; top_divider_height=&#8221;99px&#8221; top_divider_flip=&#8221;vertical|horizontal&#8221; bottom_divider_color=&#8221;rgba(0,0,0,0.32)&#8221; bottom_divider_height=&#8221;482px&#8221; border_color_all=&#8221;#a30701&#8243; border_width_top=&#8221;4px&#8221; border_color_top=&#8221;#b3d8dd&#8221; border_color_bottom=&#8221;#000000&#8243; box_shadow_style=&#8221;preset3&#8243; box_shadow_vertical=&#8221;15px&#8221; box_shadow_blur=&#8221;15px&#8221; box_shadow_position=&#8221;inner&#8221; saved_tabs=&#8221;all&#8221;][et_pb_row _builder_version=&#8221;4.0.11&#8243; custom_padding=&#8221;1px||1px||false|false&#8221;][et_pb_column type=&#8221;4_4&#8243; _builder_version=&#8221;4.0.11&#8243;][et_pb_divider show_divider=&#8221;off&#8221; _builder_version=&#8221;4.4.2&#8243;][\/et_pb_divider][\/et_pb_column][\/et_pb_row][\/et_pb_section][et_pb_section fb_built=&#8221;1&#8243; admin_label=&#8221;TEAM&#8221; module_id=&#8221;equipe&#8221; _builder_version=&#8221;4.4.2&#8243; background_color=&#8221;#ffffff&#8221; use_background_color_gradient=&#8221;on&#8221; background_color_gradient_start=&#8221;rgba(132,132,132,0.86)&#8221; background_color_gradient_end=&#8221;#000d26&#8243; background_color_gradient_direction=&#8221;108deg&#8221; background_enable_image=&#8221;off&#8221; background_blend=&#8221;soft-light&#8221; background_enable_video_mp4=&#8221;off&#8221; background_video_width=&#8221;1920&#8243; module_alignment=&#8221;center&#8221; custom_margin=&#8221;0px|0px|0px|0px|false|false&#8221; custom_padding=&#8221;0px|0px|0px|0px|false|false&#8221; top_divider_color=&#8221;rgba(0,0,0,0.29)&#8221; top_divider_height=&#8221;99px&#8221; top_divider_flip=&#8221;vertical|horizontal&#8221; bottom_divider_color=&#8221;rgba(0,0,0,0.32)&#8221; bottom_divider_height=&#8221;482px&#8221; border_color_all=&#8221;#a30701&#8243; border_width_top=&#8221;4px&#8221; border_color_top=&#8221;#b3d8dd&#8221; border_color_bottom=&#8221;#000000&#8243; box_shadow_style=&#8221;preset3&#8243; box_shadow_vertical=&#8221;15px&#8221; box_shadow_blur=&#8221;15px&#8221; box_shadow_position=&#8221;inner&#8221; saved_tabs=&#8221;all&#8221;][et_pb_row _builder_version=&#8221;4.4.2&#8243; custom_margin=&#8221;0px||0px||false|false&#8221; custom_padding=&#8221;0px|30%|10px||false|false&#8221; hover_enabled=&#8221;0&#8243;][et_pb_column type=&#8221;4_4&#8243; _builder_version=&#8221;4.2.2&#8243;][et_pb_text _builder_version=&#8221;4.4.2&#8243; background_color=&#8221;#b3d8dd&#8221; min_height=&#8221;15px&#8221; height=&#8221;15px&#8221; max_height=&#8221;15px&#8221; custom_margin=&#8221;0px||0px||false|false&#8221; custom_padding=&#8221;0px||0px||false|false&#8221; animation_direction=&#8221;right&#8221; scroll_horizontal_motion=&#8221;0|75|75|100|-4|-1|0&#8243; border_color_all=&#8221;rgba(153,153,153,0.5)&#8221; border_color_top=&#8221;#a50000&#8243; box_shadow_style=&#8221;preset2&#8243; box_shadow_horizontal=&#8221;10px&#8221; box_shadow_vertical=&#8221;10px&#8221; box_shadow_blur=&#8221;15px&#8221; box_shadow_spread=&#8221;-2px&#8221;][\/et_pb_text][\/et_pb_column][\/et_pb_row][et_pb_row _builder_version=&#8221;4.4.2&#8243; custom_padding=&#8221;1px||1px||false|false&#8221;][et_pb_column type=&#8221;4_4&#8243; _builder_version=&#8221;4.0.11&#8243;][et_pb_text _builder_version=&#8221;4.4.2&#8243; text_font=&#8221;Barlow Semi Condensed|||on|||||&#8221; text_text_color=&#8221;#555555&#8243; text_letter_spacing=&#8221;3px&#8221; header_font=&#8221;Barlow Semi Condensed|||on|||||&#8221; header_text_color=&#8221;#ffffff&#8221; header_font_size=&#8221;20px&#8221; header_letter_spacing=&#8221;3px&#8221; header_2_font=&#8221;Barlow Semi Condensed|||on|||||&#8221; header_2_text_color=&#8221;#ffffff&#8221; header_2_font_size=&#8221;20px&#8221; header_2_letter_spacing=&#8221;3px&#8221;]<\/p>\n<h1>ou-voir-les-films<\/h1>\n<p>[\/et_pb_text][\/et_pb_column][\/et_pb_row][et_pb_row column_structure=&#8221;3_5,2_5&#8243; _builder_version=&#8221;4.2.1&#8243; custom_padding=&#8221;||||false|false&#8221;][et_pb_column type=&#8221;3_5&#8243; _builder_version=&#8221;4.0.11&#8243;][et_pb_text _builder_version=&#8221;4.4.2&#8243; text_text_color=&#8221;#ffffff&#8221; text_font_size=&#8221;24px&#8221; header_2_font=&#8221;Zilla Slab|300|||||||&#8221; header_2_text_color=&#8221;#aaaaaa&#8221; header_2_font_size=&#8221;44px&#8221; header_3_font=&#8221;Zilla Slab|300|||||||&#8221; header_3_text_color=&#8221;#aaaaaa&#8221; header_3_font_size=&#8221;44px&#8221; background_layout=&#8221;dark&#8221;]<\/p>\n<h2>O\u00f9 vous pouvez voir nos productions sur \u00e9cran g\u00e9ant<\/h2>\n<p>[\/et_pb_text][\/et_pb_column][et_pb_column type=&#8221;2_5&#8243; _builder_version=&#8221;4.0.11&#8243;][\/et_pb_column][\/et_pb_row][et_pb_row column_structure=&#8221;1_3,1_3,1_3&#8243; _builder_version=&#8221;4.4.2&#8243;][et_pb_column type=&#8221;1_3&#8243; _builder_version=&#8221;4.0.7&#8243;][et_pb_text _builder_version=&#8221;4.4.2&#8243; header_font=&#8221;Zilla Slab||||||||&#8221; background_layout=&#8221;dark&#8221; custom_padding=&#8221;||10px||false|false&#8221; border_color_bottom=&#8221;#000000&#8243;]<\/p>\n<p><span>Nos productions sont pr\u00e9sent\u00e9es dans des salles IMAX\u00ae et d&#8217;autres salles de cin\u00e9ma \u00e0 \u00e9cran g\u00e9ant dans le monde entier. Vous trouverez ci-dessous des informations sur les lieux de projection des diff\u00e9rents films. Consultez votre cin\u00e9ma local pour conna\u00eetre les dates et heures de projection.<\/span><\/p>\n<p>[\/et_pb_text][\/et_pb_column][et_pb_column type=&#8221;1_3&#8243; _builder_version=&#8221;4.0.7&#8243;][et_pb_text _builder_version=&#8221;4.4.2&#8243; header_font=&#8221;Zilla Slab||||||||&#8221; background_layout=&#8221;dark&#8221; custom_padding=&#8221;0px||10px||false|false&#8221; border_color_bottom=&#8221;#000000&#8243;]<\/p>\n<p><span>Vous voudrez voir nos films sur l\u2019\u00e9cran g\u00e9ant de votre cin\u00e9ma local lorsque vous le pourrez. Nombre de nos productions classiques sont \u00e9galement disponibles sur disque (Blu-ray) aupr\u00e8s des principaux d\u00e9taillants locaux et en ligne, ainsi que sur les cha\u00eenes sp\u00e9cialis\u00e9es \u00e0 ultra-haute d\u00e9finition.<\/span><\/p>\n<p>[\/et_pb_text][\/et_pb_column][et_pb_column type=&#8221;1_3&#8243; _builder_version=&#8221;4.0.7&#8243;][\/et_pb_column][\/et_pb_row][\/et_pb_section][et_pb_section fb_built=&#8221;1&#8243; _builder_version=&#8221;4.0.7&#8243; min_height=&#8221;6259px&#8221; custom_padding=&#8221;35px|||||&#8221;][et_pb_row column_structure=&#8221;1_5,3_5,1_5&#8243; _builder_version=&#8221;4.0.7&#8243; min_height=&#8221;6176px&#8221; custom_padding=&#8221;10px||||false|false&#8221;][et_pb_column type=&#8221;1_5&#8243; _builder_version=&#8221;4.0.7&#8243;][\/et_pb_column][et_pb_column type=&#8221;3_5&#8243; _builder_version=&#8221;4.0.7&#8243;][et_pb_blog posts_number=&#8221;30&#8243; include_categories=&#8221;48&#8243; excerpt_length=&#8221;500&#8243; show_more=&#8221;on&#8221; show_author=&#8221;off&#8221; show_date=&#8221;off&#8221; show_categories=&#8221;off&#8221; show_pagination=&#8221;off&#8221; _builder_version=&#8221;4.0.7&#8243; custom_padding=&#8221;||35px||false|false&#8221; link_option_url_new_window=&#8221;on&#8221; border_color_top_fullwidth=&#8221;rgba(51,51,51,0.45)&#8221; border_width_bottom_fullwidth=&#8221;3px&#8221; border_color_bottom_fullwidth=&#8221;rgba(51,51,51,0.55)&#8221;][\/et_pb_blog][\/et_pb_column][et_pb_column type=&#8221;1_5&#8243; _builder_version=&#8221;4.0.7&#8243;][\/et_pb_column][\/et_pb_row][\/et_pb_section]<\/p>\n","protected":false},"excerpt":{"rendered":"<p>ou-voir-les-filmsO\u00f9 vous pouvez voir nos productions sur \u00e9cran g\u00e9antNos productions sont pr\u00e9sent\u00e9es dans des salles IMAX\u00ae et d&#8217;autres salles de cin\u00e9ma \u00e0 \u00e9cran g\u00e9ant dans le monde entier. Vous trouverez ci-dessous des informations sur les lieux de projection des diff\u00e9rents films. Consultez votre cin\u00e9ma local pour conna\u00eetre les dates et heures de projection.Vous voudrez voir [&hellip;]<\/p>\n","protected":false},"author":5,"featured_media":0,"parent":0,"menu_order":0,"comment_status":"closed","ping_status":"closed","template":"","meta":{"_et_pb_use_builder":"on","_et_pb_old_content":"","_et_gb_content_width":"","footnotes":""},"class_list":["post-15437","page","type-page","status-publish","hentry"],"_links":{"self":[{"href":"https:\/\/www.stephenlow.com\/fr\/wp-json\/wp\/v2\/pages\/15437","targetHints":{"allow":["GET"]}}],"collection":[{"href":"https:\/\/www.stephenlow.com\/fr\/wp-json\/wp\/v2\/pages"}],"about":[{"href":"https:\/\/www.stephenlow.com\/fr\/wp-json\/wp\/v2\/types\/page"}],"author":[{"embeddable":true,"href":"https:\/\/www.stephenlow.com\/fr\/wp-json\/wp\/v2\/users\/5"}],"replies":[{"embeddable":true,"href":"https:\/\/www.stephenlow.com\/fr\/wp-json\/wp\/v2\/comments?post=15437"}],"version-history":[{"count":0,"href":"https:\/\/www.stephenlow.com\/fr\/wp-json\/wp\/v2\/pages\/15437\/revisions"}],"wp:attachment":[{"href":"https:\/\/www.stephenlow.com\/fr\/wp-json\/wp\/v2\/media?parent=15437"}],"curies":[{"name":"wp","href":"https:\/\/api.w.org\/{rel}","templated":true}]}}