{"id":15367,"date":"2020-03-14T19:34:57","date_gmt":"2020-03-14T23:34:57","guid":{"rendered":"https:\/\/dev.stephenlow.com\/equipe\/"},"modified":"2024-02-08T20:25:58","modified_gmt":"2024-02-09T01:25:58","slug":"equipe","status":"publish","type":"page","link":"https:\/\/www.stephenlow.com\/fr\/equipe\/","title":{"rendered":"\u00c9quipe"},"content":{"rendered":"<p>[et_pb_section fb_built=&#8221;1&#8243; admin_label=&#8221;Space section, custom&#8221; module_id=&#8221;equipe&#8221; _builder_version=&#8221;4.16&#8243; background_color=&#8221;#ffffff&#8221; use_background_color_gradient=&#8221;on&#8221; background_color_gradient_direction=&#8221;108deg&#8221; background_color_gradient_stops=&#8221;rgba(130,130,130,0.86) 0%|#1e2228 100%&#8221; background_color_gradient_start=&#8221;rgba(130,130,130,0.86)&#8221; background_color_gradient_end=&#8221;#1e2228&#8243; background_enable_image=&#8221;off&#8221; background_blend=&#8221;soft-light&#8221; background_enable_video_mp4=&#8221;off&#8221; background_video_width=&#8221;1920&#8243; module_alignment=&#8221;center&#8221; custom_margin=&#8221;0px|0px|0px|0px|false|false&#8221; custom_padding=&#8221;0px|0px|0px|0px|false|false&#8221; top_divider_color=&#8221;rgba(0,0,0,0.29)&#8221; top_divider_height=&#8221;99px&#8221; top_divider_flip=&#8221;vertical|horizontal&#8221; bottom_divider_color=&#8221;rgba(0,0,0,0.32)&#8221; bottom_divider_height=&#8221;482px&#8221; border_color_all=&#8221;#a30701&#8243; border_width_top=&#8221;4px&#8221; border_color_top=&#8221;#5a6e9e&#8221; border_color_bottom=&#8221;#000000&#8243; box_shadow_style=&#8221;preset3&#8243; box_shadow_vertical=&#8221;15px&#8221; box_shadow_blur=&#8221;15px&#8221; box_shadow_position=&#8221;inner&#8221; saved_tabs=&#8221;all&#8221; global_colors_info=&#8221;{}&#8221;][et_pb_row _builder_version=&#8221;4.16&#8243; custom_padding=&#8221;1px||1px||false|false&#8221; global_colors_info=&#8221;{}&#8221;][et_pb_column type=&#8221;4_4&#8243; _builder_version=&#8221;4.16&#8243; global_colors_info=&#8221;{}&#8221;][et_pb_divider show_divider=&#8221;off&#8221; _builder_version=&#8221;4.16&#8243; global_colors_info=&#8221;{}&#8221;][\/et_pb_divider][\/et_pb_column][\/et_pb_row][\/et_pb_section][et_pb_section fb_built=&#8221;1&#8243; admin_label=&#8221;TEAM&#8221; module_id=&#8221;equipe&#8221; _builder_version=&#8221;4.16&#8243; background_color=&#8221;#ffffff&#8221; use_background_color_gradient=&#8221;on&#8221; background_color_gradient_direction=&#8221;108deg&#8221; background_color_gradient_stops=&#8221;rgba(137,154,188,0.86) 0%|#181d26 100%&#8221; background_color_gradient_start=&#8221;rgba(137,154,188,0.86)&#8221; background_color_gradient_end=&#8221;#181d26&#8243; background_enable_image=&#8221;off&#8221; background_blend=&#8221;soft-light&#8221; background_enable_video_mp4=&#8221;off&#8221; background_video_width=&#8221;1920&#8243; module_alignment=&#8221;center&#8221; custom_margin=&#8221;0px|0px|0px|0px|false|false&#8221; custom_padding=&#8221;0px|0px|0px|0px|false|false&#8221; top_divider_color=&#8221;rgba(0,0,0,0.29)&#8221; top_divider_height=&#8221;99px&#8221; top_divider_flip=&#8221;vertical|horizontal&#8221; bottom_divider_color=&#8221;rgba(0,0,0,0.32)&#8221; bottom_divider_height=&#8221;482px&#8221; border_color_all=&#8221;#a30701&#8243; border_width_top=&#8221;4px&#8221; border_color_top=&#8221;#5a6e9e&#8221; border_color_bottom=&#8221;#000000&#8243; box_shadow_style=&#8221;preset3&#8243; box_shadow_vertical=&#8221;15px&#8221; box_shadow_blur=&#8221;15px&#8221; box_shadow_position=&#8221;inner&#8221; saved_tabs=&#8221;all&#8221; global_colors_info=&#8221;{}&#8221;][et_pb_row _builder_version=&#8221;4.16&#8243; custom_margin=&#8221;0px||0px||false|false&#8221; custom_padding=&#8221;0px|30%|10px||false|false&#8221; global_colors_info=&#8221;{}&#8221;][et_pb_column type=&#8221;4_4&#8243; _builder_version=&#8221;4.16&#8243; global_colors_info=&#8221;{}&#8221;][et_pb_text _builder_version=&#8221;4.16&#8243; background_color=&#8221;#5a6e9e&#8221; min_height=&#8221;15px&#8221; height=&#8221;15px&#8221; max_height=&#8221;15px&#8221; custom_margin=&#8221;0px||0px||false|false&#8221; custom_padding=&#8221;0px||0px||false|false&#8221; animation_direction=&#8221;right&#8221; scroll_horizontal_motion=&#8221;0|75|75|100|-4|-1|0&#8243; border_color_all=&#8221;rgba(153,153,153,0.5)&#8221; border_color_top=&#8221;#a50000&#8243; box_shadow_style=&#8221;preset2&#8243; box_shadow_horizontal=&#8221;10px&#8221; box_shadow_vertical=&#8221;10px&#8221; box_shadow_blur=&#8221;15px&#8221; box_shadow_spread=&#8221;-2px&#8221; global_colors_info=&#8221;{}&#8221;][\/et_pb_text][\/et_pb_column][\/et_pb_row][et_pb_row _builder_version=&#8221;4.16&#8243; custom_padding=&#8221;1px||1px||false|false&#8221; global_colors_info=&#8221;{}&#8221;][et_pb_column type=&#8221;4_4&#8243; _builder_version=&#8221;4.16&#8243; global_colors_info=&#8221;{}&#8221;][et_pb_text _builder_version=&#8221;4.16&#8243; text_font=&#8221;Barlow Semi Condensed|||on|||||&#8221; text_text_color=&#8221;#555555&#8243; text_letter_spacing=&#8221;3px&#8221; header_font=&#8221;Barlow Semi Condensed|||on|||||&#8221; header_text_color=&#8221;#ffffff&#8221; header_font_size=&#8221;20px&#8221; header_letter_spacing=&#8221;3px&#8221; header_2_font=&#8221;Barlow Semi Condensed|||on|||||&#8221; header_2_text_color=&#8221;#ffffff&#8221; header_2_font_size=&#8221;20px&#8221; header_2_letter_spacing=&#8221;3px&#8221; global_colors_info=&#8221;{}&#8221;]<\/p>\n<h1>\u00c9quipe<\/h1>\n<p>[\/et_pb_text][\/et_pb_column][\/et_pb_row][et_pb_row column_structure=&#8221;3_5,2_5&#8243; _builder_version=&#8221;4.16&#8243; custom_padding=&#8221;||||false|false&#8221; global_colors_info=&#8221;{}&#8221;][et_pb_column type=&#8221;3_5&#8243; _builder_version=&#8221;4.16&#8243; global_colors_info=&#8221;{}&#8221;][et_pb_text _builder_version=&#8221;4.16&#8243; text_text_color=&#8221;#ffffff&#8221; text_font_size=&#8221;24px&#8221; header_2_font=&#8221;Zilla Slab|300|||||||&#8221; header_2_text_color=&#8221;#aaaaaa&#8221; header_2_font_size=&#8221;44px&#8221; header_3_font=&#8221;Zilla Slab|300|||||||&#8221; header_3_text_color=&#8221;#aaaaaa&#8221; header_3_font_size=&#8221;44px&#8221; background_layout=&#8221;dark&#8221; global_colors_info=&#8221;{}&#8221;]<\/p>\n<h2>\u00c0 propos de notre \u00e9quipe principale<\/h2>\n<p>[\/et_pb_text][\/et_pb_column][et_pb_column type=&#8221;2_5&#8243; _builder_version=&#8221;4.16&#8243; global_colors_info=&#8221;{}&#8221;][\/et_pb_column][\/et_pb_row][\/et_pb_section][et_pb_section fb_built=&#8221;1&#8243; admin_label=&#8221;section&#8221; _builder_version=&#8221;4.16&#8243; background_color=&#8221;#ffffff&#8221; box_shadow_style=&#8221;preset3&#8243; box_shadow_vertical=&#8221;15px&#8221; box_shadow_blur=&#8221;15px&#8221; box_shadow_position=&#8221;inner&#8221; transparent_background=&#8221;off&#8221; global_colors_info=&#8221;{}&#8221;][et_pb_row admin_label=&#8221;row&#8221; _builder_version=&#8221;4.16&#8243; background_size=&#8221;initial&#8221; background_position=&#8221;top_left&#8221; background_repeat=&#8221;repeat&#8221; global_colors_info=&#8221;{}&#8221;][et_pb_column type=&#8221;4_4&#8243; _builder_version=&#8221;4.16&#8243; custom_padding=&#8221;|||&#8221; global_colors_info=&#8221;{}&#8221; custom_padding__hover=&#8221;|||&#8221;][et_pb_image src=&#8221;http:\/\/stephenlow.com\/wp-content\/uploads\/crewshot-1.jpg&#8221; show_bottom_space=&#8221;off&#8221; align_tablet=&#8221;center&#8221; align_phone=&#8221;&#8221; align_last_edited=&#8221;on|desktop&#8221; admin_label=&#8221;Team photo&#8221; _builder_version=&#8221;4.16&#8243; custom_margin=&#8221;|17px||||&#8221; animation_style=&#8221;slide&#8221; animation_direction=&#8221;top&#8221; animation_duration=&#8221;500ms&#8221; animation_intensity_slide=&#8221;10%&#8221; animation=&#8221;top&#8221; sticky=&#8221;on&#8221; global_colors_info=&#8221;{}&#8221;][\/et_pb_image][\/et_pb_column][\/et_pb_row][\/et_pb_section][et_pb_section fb_built=&#8221;1&#8243; admin_label=&#8221;section&#8221; _builder_version=&#8221;4.16&#8243; background_color=&#8221;#f4f4f4&#8243; box_shadow_style=&#8221;preset3&#8243; box_shadow_vertical=&#8221;15px&#8221; box_shadow_blur=&#8221;15px&#8221; box_shadow_position=&#8221;inner&#8221; transparent_background=&#8221;off&#8221; global_colors_info=&#8221;{}&#8221;][et_pb_row column_structure=&#8221;1_3,1_3,1_3&#8243; admin_label=&#8221;row&#8221; _builder_version=&#8221;4.16&#8243; background_size=&#8221;initial&#8221; background_position=&#8221;top_left&#8221; background_repeat=&#8221;repeat&#8221; global_colors_info=&#8221;{}&#8221;][et_pb_column type=&#8221;1_3&#8243; _builder_version=&#8221;4.16&#8243; custom_padding=&#8221;|||&#8221; global_colors_info=&#8221;{}&#8221; custom_padding__hover=&#8221;|||&#8221;][et_pb_team_member name=&#8221;Stephen Low&#8221; position=&#8221;Pr\u00e9sident \/ R\u00e9alisateur&#8221; image_url=&#8221;https:\/\/www.stephenlow.com\/wp-content\/uploads\/low-s-portrait.jpg&#8221; admin_label=&#8221;Stephen Low&#8221; _builder_version=&#8221;4.23.1&#8243; background_size=&#8221;initial&#8221; background_position=&#8221;top_left&#8221; background_repeat=&#8221;repeat&#8221; link_option_url=&#8221;\/fr\/en-savoir-plus-sur-stephen\/&#8221; hover_enabled=&#8221;0&#8243; global_colors_info=&#8221;{}&#8221; sticky_enabled=&#8221;0&#8243;]<\/p>\n<p>Le r\u00e9alisateur Stephen Low est l&#8217;un des cin\u00e9astes les plus exp\u00e9riment\u00e9s dans le domaine du grand format. Il apporte \u00e0 son travail une vision unique de la narration qui continue de s\u00e9duire le public et de remporter des prix dans le monde entier.<\/p>\n<p>En savoir <em><a title=\"En savoir plus sur Stephen\" href=\"https:\/\/dev.stephenlow.com\/fr\/en-savoir-plus-sur-stephen\/\">plus sur Stephen<\/a>.<\/em><\/p>\n<p>[\/et_pb_team_member][\/et_pb_column][et_pb_column type=&#8221;1_3&#8243; _builder_version=&#8221;4.16&#8243; custom_padding=&#8221;|||&#8221; global_colors_info=&#8221;{}&#8221; custom_padding__hover=&#8221;|||&#8221;][et_pb_team_member name=&#8221;Pietro L. Serapiglia&#8221; position=&#8221;Producteur \/ Vice-pr\u00e9sident de la distribution&#8221; image_url=&#8221;https:\/\/www.stephenlow.com\/wp-content\/uploads\/serapiglia-p-2.jpg&#8221; admin_label=&#8221;Pietro L. Serapiglia&#8221; _builder_version=&#8221;4.23.1&#8243; background_size=&#8221;initial&#8221; background_position=&#8221;top_left&#8221; background_repeat=&#8221;repeat&#8221; link_option_url=&#8221;\/fr\/tout-savoir-sur-pietro\/&#8221; hover_enabled=&#8221;0&#8243; global_colors_info=&#8221;{}&#8221; sticky_enabled=&#8221;0&#8243;]<\/p>\n<p>Producteur accompli de films pour \u00e9crans g\u00e9ants et dot\u00e9 d&#8217;une grande exp\u00e9rience dans la conduite de projets cin\u00e9matographiques majeurs, Pietro Serapiglia supervise l&#8217;activit\u00e9 de production de la soci\u00e9t\u00e9 et dirige la distribution \u00e0 l&#8217;\u00e9chelle mondiale.<\/p>\n<p><em><a title=\"Tout sur Pietro\" href=\"\/fr\/tout-savoir-sur-pietro\/\">Tout savoir sur Pietro.<\/a><\/em><\/p>\n<p>[\/et_pb_team_member][\/et_pb_column][et_pb_column type=&#8221;1_3&#8243; _builder_version=&#8221;4.16&#8243; custom_padding=&#8221;|||&#8221; global_colors_info=&#8221;{}&#8221; custom_padding__hover=&#8221;|||&#8221;][et_pb_team_member name=&#8221;Alexander Low&#8221; position=&#8221;Producteur \/ Vice-pr\u00e9sident du d\u00e9veloppement et du marketing&#8221; image_url=&#8221;https:\/\/www.stephenlow.com\/wp-content\/uploads\/low-a-portrait1.jpg&#8221; admin_label=&#8221;Alexander Low&#8221; _builder_version=&#8221;4.23.1&#8243; background_size=&#8221;initial&#8221; background_position=&#8221;top_left&#8221; background_repeat=&#8221;repeat&#8221; link_option_url=&#8221;\/fr\/presentation-alex\/&#8221; hover_enabled=&#8221;0&#8243; global_colors_info=&#8221;{}&#8221; sticky_enabled=&#8221;0&#8243;]Producteur de films avec plus de 25 ans d&#8217;exp\u00e9rience dans la production et la distribution de films grand format, Alexander Low est le fer de lance du d\u00e9veloppement et du lancement de nouveaux projets pour la soci\u00e9t\u00e9.<\/p>\n<p>Voir la <a title=\"Pr\u00e9sentation d'Alex.\" href=\"\/fr\/presentation-alex\/\">pr\u00e9sentation d&#8217;Alex.<\/a>.<br \/>\n[\/et_pb_team_member][\/et_pb_column][\/et_pb_row][et_pb_row admin_label=&#8221;row&#8221; _builder_version=&#8221;4.16&#8243; background_size=&#8221;initial&#8221; background_position=&#8221;top_left&#8221; background_repeat=&#8221;repeat&#8221; global_colors_info=&#8221;{}&#8221;][et_pb_column type=&#8221;4_4&#8243; _builder_version=&#8221;4.16&#8243; custom_padding=&#8221;|||&#8221; global_colors_info=&#8221;{}&#8221; custom_padding__hover=&#8221;|||&#8221;][et_pb_divider color=&#8221;#dddddd&#8221; disabled_on=&#8221;on|on|off&#8221; admin_label=&#8221;Divider&#8221; _builder_version=&#8221;4.16&#8243; height=&#8221;0px&#8221; global_colors_info=&#8221;{}&#8221;][\/et_pb_divider][\/et_pb_column][\/et_pb_row][et_pb_row column_structure=&#8221;1_3,1_3,1_3&#8243; admin_label=&#8221;row&#8221; _builder_version=&#8221;4.16&#8243; background_size=&#8221;initial&#8221; background_position=&#8221;top_left&#8221; background_repeat=&#8221;repeat&#8221; global_colors_info=&#8221;{}&#8221;][et_pb_column type=&#8221;1_3&#8243; _builder_version=&#8221;4.16&#8243; custom_padding=&#8221;|||&#8221; global_colors_info=&#8221;{}&#8221; custom_padding__hover=&#8221;|||&#8221;][et_pb_team_member name=&#8221;Tristan Breeuwer&#8221; position=&#8221;Cam\u00e9raman \/ Superviseur de la post-production&#8221; image_url=&#8221;https:\/\/www.stephenlow.com\/wp-content\/uploads\/breeuwer-t_portrait-4.jpg&#8221; admin_label=&#8221;Tristan Breeuwer&#8221; _builder_version=&#8221;4.23.1&#8243; background_size=&#8221;initial&#8221; background_position=&#8221;top_left&#8221; background_repeat=&#8221;repeat&#8221; link_option_url=&#8221;\/fr\/plus-sur-tristan\/&#8221; hover_enabled=&#8221;0&#8243; use_border_color=&#8221;off&#8221; border_color=&#8221;#ffffff&#8221; border_style=&#8221;solid&#8221; global_colors_info=&#8221;{}&#8221; sticky_enabled=&#8221;0&#8243;]Tristan Breeuwer est cam\u00e9raman et supervise la suite de montage et les activit\u00e9s de post-production de la soci\u00e9t\u00e9, y compris les technologies de production de pointe, la liaison avec les laboratoires et la distribution des tirages.<\/p>\n<p><em><a href=\"\/plus-sur-tristan\/\">En savoir plus sur Tristan<\/a><\/em><br \/>\n[\/et_pb_team_member][\/et_pb_column][et_pb_column type=&#8221;1_3&#8243; _builder_version=&#8221;4.16&#8243; custom_padding=&#8221;|||&#8221; global_colors_info=&#8221;{}&#8221; custom_padding__hover=&#8221;|||&#8221;][et_pb_team_member name=&#8221;James Lahti&#8221; position=&#8221;Monteur \/ Producteur associ\u00e9&#8221; image_url=&#8221;https:\/\/www.stephenlow.com\/wp-content\/uploads\/Lahti-J-CIMG0007.jpg&#8221; admin_label=&#8221;James Lahti&#8221; _builder_version=&#8221;4.16&#8243; background_size=&#8221;initial&#8221; background_position=&#8221;top_left&#8221; background_repeat=&#8221;repeat&#8221; use_border_color=&#8221;off&#8221; border_color=&#8221;#ffffff&#8221; border_style=&#8221;solid&#8221; global_colors_info=&#8221;{}&#8221;]James Lahti travaille avec La Compagnie Stephen Low en tant que monteur et producteur associ\u00e9 depuis plus de vingt ans, collaborant aux exp\u00e9riences IMAX et IMAX 3D tr\u00e8s vari\u00e9es et stimulantes de l&#8217;\u00e9quipe.<br \/>\n[\/et_pb_team_member][\/et_pb_column][et_pb_column type=&#8221;1_3&#8243; _builder_version=&#8221;4.16&#8243; custom_padding=&#8221;|||&#8221; global_colors_info=&#8221;{}&#8221; custom_padding__hover=&#8221;|||&#8221;][\/et_pb_column][\/et_pb_row][et_pb_row admin_label=&#8221;row&#8221; _builder_version=&#8221;4.16&#8243; background_size=&#8221;initial&#8221; background_position=&#8221;top_left&#8221; background_repeat=&#8221;repeat&#8221; global_colors_info=&#8221;{}&#8221;][et_pb_column type=&#8221;4_4&#8243; _builder_version=&#8221;4.16&#8243; custom_padding=&#8221;|||&#8221; global_colors_info=&#8221;{}&#8221; custom_padding__hover=&#8221;|||&#8221;][et_pb_divider color=&#8221;#dddddd&#8221; disabled_on=&#8221;on|on|off&#8221; admin_label=&#8221;Divider&#8221; _builder_version=&#8221;4.16&#8243; height=&#8221;0px&#8221; global_colors_info=&#8221;{}&#8221;][\/et_pb_divider][\/et_pb_column][\/et_pb_row][et_pb_row column_structure=&#8221;1_3,1_3,1_3&#8243; admin_label=&#8221;row&#8221; _builder_version=&#8221;4.16&#8243; background_size=&#8221;initial&#8221; background_position=&#8221;top_left&#8221; background_repeat=&#8221;repeat&#8221; global_colors_info=&#8221;{}&#8221;][et_pb_column type=&#8221;1_3&#8243; _builder_version=&#8221;4.16&#8243; custom_padding=&#8221;|||&#8221; global_colors_info=&#8221;{}&#8221; custom_padding__hover=&#8221;|||&#8221;][et_pb_team_member name=&#8221;Dougal Caron&#8221; position=&#8221;Vice-pr\u00e9sidente des finances&#8221; image_url=&#8221;http:\/\/stephenlow.com\/wp-content\/uploads\/caron-d_DSC_7583.jpg&#8221; admin_label=&#8221;Dougal Caron&#8221; _builder_version=&#8221;4.23.1&#8243; background_size=&#8221;initial&#8221; background_position=&#8221;top_left&#8221; background_repeat=&#8221;repeat&#8221; link_option_url=&#8221;\/fr\/details-sur-dougal\/&#8221; hover_enabled=&#8221;0&#8243; global_colors_info=&#8221;{}&#8221; sticky_enabled=&#8221;0&#8243;]<\/p>\n<p>Cadre de production avec plus de 30 ans d&#8217;exp\u00e9rience dans le domaine du spectacle vivant et du cin\u00e9ma, Dougal Caron supervise tous les aspects du financement, de la comptabilit\u00e9, de la distribution et des cr\u00e9dits d&#8217;imp\u00f4t des productions de la soci\u00e9t\u00e9.<\/p>\n<p><a title=\"D\u00e9tails sur Dougal\" href=\"https:\/\/dev.stephenlow.com\/fr\/details-sur-dougal\/\" target=\"_blank\" rel=\"noopener noreferrer\"><em>Voir les d\u00e9tails sur Dougal.<\/em><\/a><\/p>\n<p>[\/et_pb_team_member][\/et_pb_column][et_pb_column type=&#8221;1_3&#8243; _builder_version=&#8221;4.16&#8243; custom_padding=&#8221;|||&#8221; global_colors_info=&#8221;{}&#8221; custom_padding__hover=&#8221;|||&#8221;][et_pb_team_member name=&#8221;Paul Globus&#8221; position=&#8221;Producteur ex\u00e9cutif&#8221; image_url=&#8221;https:\/\/www.stephenlow.com\/wp-content\/uploads\/globus-p.jpg&#8221; admin_label=&#8221;Paul Globus&#8221; _builder_version=&#8221;4.16&#8243; background_size=&#8221;initial&#8221; background_position=&#8221;top_left&#8221; background_repeat=&#8221;repeat&#8221; global_colors_info=&#8221;{}&#8221;]Musicien et \u00e9crivain, Paul Globus participe depuis pr\u00e8s de 15 ans au d\u00e9veloppement de grands projets cin\u00e9matographiques pour \u00e9cran g\u00e9ant.<br \/>\n[\/et_pb_team_member][\/et_pb_column][et_pb_column type=&#8221;1_3&#8243; _builder_version=&#8221;4.16&#8243; custom_padding=&#8221;|||&#8221; global_colors_info=&#8221;{}&#8221; custom_padding__hover=&#8221;|||&#8221;][\/et_pb_column][\/et_pb_row][et_pb_row admin_label=&#8221;row&#8221; _builder_version=&#8221;4.16&#8243; background_size=&#8221;initial&#8221; background_position=&#8221;top_left&#8221; background_repeat=&#8221;repeat&#8221; global_colors_info=&#8221;{}&#8221;][et_pb_column type=&#8221;4_4&#8243; _builder_version=&#8221;4.16&#8243; custom_padding=&#8221;|||&#8221; global_colors_info=&#8221;{}&#8221; custom_padding__hover=&#8221;|||&#8221;][et_pb_divider color=&#8221;#dddddd&#8221; disabled_on=&#8221;on|on|off&#8221; admin_label=&#8221;Divider&#8221; _builder_version=&#8221;4.16&#8243; height=&#8221;0px&#8221; global_colors_info=&#8221;{}&#8221;][\/et_pb_divider][\/et_pb_column][\/et_pb_row][\/et_pb_section]<\/p>\n","protected":false},"excerpt":{"rendered":"<p>\u00c9quipe\u00c0 propos de notre \u00e9quipe principaleLe r\u00e9alisateur Stephen Low est l&#8217;un des cin\u00e9astes les plus exp\u00e9riment\u00e9s dans le domaine du grand format. Il apporte \u00e0 son travail une vision unique de la narration qui continue de s\u00e9duire le public et de remporter des prix dans le monde entier. En savoir plus sur Stephen.Producteur accompli de [&hellip;]<\/p>\n","protected":false},"author":5,"featured_media":0,"parent":0,"menu_order":2,"comment_status":"open","ping_status":"closed","template":"","meta":{"_et_pb_use_builder":"on","_et_pb_old_content":"","_et_gb_content_width":"","footnotes":""},"class_list":["post-15367","page","type-page","status-publish","hentry"],"_links":{"self":[{"href":"https:\/\/www.stephenlow.com\/fr\/wp-json\/wp\/v2\/pages\/15367","targetHints":{"allow":["GET"]}}],"collection":[{"href":"https:\/\/www.stephenlow.com\/fr\/wp-json\/wp\/v2\/pages"}],"about":[{"href":"https:\/\/www.stephenlow.com\/fr\/wp-json\/wp\/v2\/types\/page"}],"author":[{"embeddable":true,"href":"https:\/\/www.stephenlow.com\/fr\/wp-json\/wp\/v2\/users\/5"}],"replies":[{"embeddable":true,"href":"https:\/\/www.stephenlow.com\/fr\/wp-json\/wp\/v2\/comments?post=15367"}],"version-history":[{"count":0,"href":"https:\/\/www.stephenlow.com\/fr\/wp-json\/wp\/v2\/pages\/15367\/revisions"}],"wp:attachment":[{"href":"https:\/\/www.stephenlow.com\/fr\/wp-json\/wp\/v2\/media?parent=15367"}],"curies":[{"name":"wp","href":"https:\/\/api.w.org\/{rel}","templated":true}]}}